{"id":859,"date":"2021-12-30T21:35:00","date_gmt":"2021-12-30T21:35:00","guid":{"rendered":"https:\/\/www.bratov-smuk.si\/?page_id=859"},"modified":"2022-06-07T20:42:02","modified_gmt":"2022-06-07T20:42:02","slug":"participativni-proracun","status":"publish","type":"page","link":"https:\/\/www.bratov-smuk.si\/?page_id=859","title":{"rendered":"Participativni prora\u010dun 2023"},"content":{"rendered":"<div class=\"entry-content\" itemprop=\"text\">\n\n<h2>Vabilo k sodelovanju pri participativnem prora\u010dunu za leto 2023<\/h2>\n\n\n\n<p><strong>V Mestni ob\u010dini Kranj je v teku nov nabor projektov za izvedbo v okviru participativnega prora\u010duna 2023. K sodelovanju vabljene vse ob\u010danke in ob\u010dani od dopolnjenih 16 let naprej. Informacije in napotki so zbrani na spletni strani\u00a0<\/strong><a href=\"https:\/\/predlagaj.kranj.si\/\"><strong>https:\/\/predlagaj.kranj.si\/<\/strong><\/a><strong>,<\/strong>\u00a0<strong>kjer je odprt obrazec za oddajo projektnih predlogov. V pomo\u010d zainteresiranim bodo znova organizirali tudi delavnice in projektne pisarne.<\/strong><\/p>\n\n\n\n<p><strong>Oddaja projektnih predlogov do 15. julija 2022<\/strong><\/p>\n\n\n\n<p>Tudi za participativni del prora\u010duna Mestne ob\u010dine Kranj je planirano 624.000 evrov za 26 krajevnih skupnosti oziroma po 24.000 evrov na posamezno.&nbsp;<em>\u00bbOb\u010danke in ob\u010dane ponovno vabimo, da razmislijo o potrebnih manj\u0161ih investicijah v svoji krajevni skupnosti, ki bi jih lahko izvedli v letu 2023. Tudi tokrat bomo prisko\u010dili na pomo\u010d z delavnicami in svetovanjem prek razli\u010dnih komunikacijskih kanalov. Po prvem naboru za leto 2022 imamo ve\u010d izku\u0161enj, obdr\u017eali bomo prakse, ki so se izkazale kot dobre, in za glasovanje uvrstili projekte, ki so izvedljivi v prihodnjem letu. Ra\u010dunamo na \u010dim \u0161ir\u0161e sodelovanje, najprej pri predlogih projektov in nato pri glasovanju zanje,\u00ab<\/em>&nbsp;je ob tem povedal&nbsp;<strong>\u017eupan MOK Matja\u017e Rakovec<\/strong>.<\/p>\n\n\n\n<p><strong>Zbiranje&nbsp;<\/strong>projektnih predlogov za participativni del prora\u010duna za leto 2023 poteka prek spletnega obrazca na&nbsp;<a href=\"https:\/\/predlagaj.kranj.si\/\"><strong>https:\/\/predlagaj.kranj.si\/<\/strong><\/a><strong>&nbsp;in bo trajalo do 15. julija letos.&nbsp;<\/strong>Predlog je mo\u017eno oddati tudi prek e-po\u0161te krpredlagaj@kranj.si ali po klasi\u010dni po\u0161ti na naslov Mestna ob\u010dina Kranj (Slovenski trg 1, 4000 Kranj) s pripisom \u00bbZa participativni prora\u010dun (ne odpiraj)\u00ab ali osebno v glavni pisarni MOK (Slovenski trg 1, 4000 Kranj) v \u010dasu uradnih ur ter na projektnih pisarnah.&nbsp;<\/p>\n\n\n\n<p><strong>Delavnice, projektne pisarne in glasovanje za leto 2023<\/strong><\/p>\n\n\n\n<figure class=\"wp-block-image size-large\"><a href=\"https:\/\/www.bratov-smuk.si\/wp-content\/uploads\/2022\/06\/delavnice.jpg\"><img loading=\"lazy\" width=\"1024\" height=\"724\" src=\"https:\/\/www.bratov-smuk.si\/wp-content\/uploads\/2022\/06\/delavnice-1024x724.jpg\" alt=\"\" class=\"wp-image-892\" srcset=\"https:\/\/www.bratov-smuk.si\/wp-content\/uploads\/2022\/06\/delavnice-1024x724.jpg 1024w, https:\/\/www.bratov-smuk.si\/wp-content\/uploads\/2022\/06\/delavnice-300x212.jpg 300w, https:\/\/www.bratov-smuk.si\/wp-content\/uploads\/2022\/06\/delavnice-768x543.jpg 768w, https:\/\/www.bratov-smuk.si\/wp-content\/uploads\/2022\/06\/delavnice-1536x1086.jpg 1536w, https:\/\/www.bratov-smuk.si\/wp-content\/uploads\/2022\/06\/delavnice-640x453.jpg 640w, https:\/\/www.bratov-smuk.si\/wp-content\/uploads\/2022\/06\/delavnice-48x34.jpg 48w, https:\/\/www.bratov-smuk.si\/wp-content\/uploads\/2022\/06\/delavnice.jpg 2048w\" sizes=\"(max-width: 1024px) 100vw, 1024px\" \/><\/a><\/figure>\n\n\n\n<p>V pomo\u010d bodo znova tudi delavnice za predstavitev, kaj to\u010dno je participativni prora\u010dun in postopek sodelovanja. Delavnice bodo:<\/p>\n\n\n\n<ul><li><strong>danes, 7. junija 2022, v Kulturnem domu v Predosljah<\/strong><\/li><li><strong>junija 2022 v \u0160martinskem domu v Stra\u017ei\u0161\u010du<\/strong><\/li><li><strong>junija 2022 v stavbi Mestne ob\u010dine Kranj, Slovenski trg 1 (sejna dvorana 15)<\/strong><\/li><li><strong>junija 2022 spletna delavnica<\/strong><\/li><\/ul>\n\n\n\n<p>in bodo v vsakem terminu&nbsp;<strong>trajale od 18.00 do 19.30.<\/strong><\/p>\n\n\n\n<p>Na spletni strani&nbsp;<a href=\"http:\/\/www.predlagaj.kranj.si\/\">www.predlagaj.kranj.si<\/a>&nbsp;bo objavljen tudi posnetek za vse tiste, ki bi se radi podu\u010dili o postopku, a se delavnice v \u017eivo ali spletne ne bodo uspeli udele\u017eiti.<\/p>\n\n\n\n<p>Prav tako bosta organizirani tudi dve&nbsp;<strong>projektni pisarni<\/strong>, na kateri bo mo\u017eno osebno oddati svoje predloge in bo na voljo pomo\u010d pri izpolnjevanju obrazca ter snovanju idej. Termina projektnih pisarn sta&nbsp;<strong>21. in 22. junija 2022 med 18.00 in 19.30<\/strong>&nbsp;v stavbi Mestne ob\u010dine Kranj, Slovenski trg 1 (pritli\u010dje, trakt A, sejni sobi 8 in 9).<\/p>\n\n\n\n<figure class=\"wp-block-image size-large\"><a href=\"https:\/\/www.bratov-smuk.si\/wp-content\/uploads\/2022\/06\/projektne-pisarne.jpg\"><img loading=\"lazy\" width=\"1024\" height=\"724\" src=\"https:\/\/www.bratov-smuk.si\/wp-content\/uploads\/2022\/06\/projektne-pisarne-1024x724.jpg\" alt=\"\" class=\"wp-image-893\" srcset=\"https:\/\/www.bratov-smuk.si\/wp-content\/uploads\/2022\/06\/projektne-pisarne-1024x724.jpg 1024w, https:\/\/www.bratov-smuk.si\/wp-content\/uploads\/2022\/06\/projektne-pisarne-300x212.jpg 300w, https:\/\/www.bratov-smuk.si\/wp-content\/uploads\/2022\/06\/projektne-pisarne-768x543.jpg 768w, https:\/\/www.bratov-smuk.si\/wp-content\/uploads\/2022\/06\/projektne-pisarne-1536x1086.jpg 1536w, https:\/\/www.bratov-smuk.si\/wp-content\/uploads\/2022\/06\/projektne-pisarne-640x453.jpg 640w, https:\/\/www.bratov-smuk.si\/wp-content\/uploads\/2022\/06\/projektne-pisarne-48x34.jpg 48w, https:\/\/www.bratov-smuk.si\/wp-content\/uploads\/2022\/06\/projektne-pisarne.jpg 2048w\" sizes=\"(max-width: 1024px) 100vw, 1024px\" \/><\/a><\/figure>\n\n\n\n<p>Vse oddane predloge bo nato pregledala komisija, ki bo preverila, ali je predlog izvedljiv, skladen z zakonodajo, v pristojnosti ob\u010dine, finan\u010dno ovrednoten med 2.500 in 24.000 evri z DDV-jem in ali ustreza drugim predpisanim pogojem za uvrstitev v participativni prora\u010dun.<\/p>\n\n\n\n<p>Do konca septembra bo znano, kateri predlogi se bodo uvrstili za&nbsp;<strong>glasovanje<\/strong>. Potekalo bo med&nbsp;<strong>29. septembrom in 9. oktobrom 2022<\/strong>, glasovali pa bodo lahko upravi\u010denci, ki bodo na dan glasovanja stari 16 let in ve\u010d, in sicer prek spleta ali pa osebno v stavbi MOK (Avla, vhod s parkiri\u0161\u010da Brioni).&nbsp;<strong>Osebno bo mo\u017eno glasovati 5. in 6. oktobra 2022 (med 8.00 in 17.00).<\/strong><\/p>\n\n\n\n<p>Glas bo sicer mo\u017eno oddati za en projekt v krajevni skupnosti stalnega prebivali\u0161\u010da.<\/p>\n\n\n<\/div>\n","protected":false},"excerpt":{"rendered":"<div class=\"entry-summary\" itemprop=\"text\">\n<p>Vabilo k sodelovanju pri participativnem prora\u010dunu za leto 2023 V Mestni ob\u010dini Kranj je v teku nov nabor projektov za izvedbo v okviru participativnega prora\u010duna 2023. K sodelovanju vabljene vse ob\u010danke in ob\u010dani od dopolnjenih 16 let naprej. Informacije in napotki so zbrani na spletni strani\u00a0https:\/\/predlagaj.kranj.si\/,\u00a0kjer je odprt obrazec za oddajo projektnih predlogov. V pomo\u010d &#8230;<\/p>\n\n<\/div>\n","protected":false},"author":1,"featured_media":868,"parent":0,"menu_order":0,"comment_status":"open","ping_status":"closed","template":"","meta":[],"_links":{"self":[{"href":"https:\/\/www.bratov-smuk.si\/index.php?rest_route=\/wp\/v2\/pages\/859"}],"collection":[{"href":"https:\/\/www.bratov-smuk.si\/index.php?rest_route=\/wp\/v2\/pages"}],"about":[{"href":"https:\/\/www.bratov-smuk.si\/index.php?rest_route=\/wp\/v2\/types\/page"}],"author":[{"embeddable":true,"href":"https:\/\/www.bratov-smuk.si\/index.php?rest_route=\/wp\/v2\/users\/1"}],"replies":[{"embeddable":true,"href":"https:\/\/www.bratov-smuk.si\/index.php?rest_route=%2Fwp%2Fv2%2Fcomments&post=859"}],"version-history":[{"count":7,"href":"https:\/\/www.bratov-smuk.si\/index.php?rest_route=\/wp\/v2\/pages\/859\/revisions"}],"predecessor-version":[{"id":894,"href":"https:\/\/www.bratov-smuk.si\/index.php?rest_route=\/wp\/v2\/pages\/859\/revisions\/894"}],"wp:featuredmedia":[{"embeddable":true,"href":"https:\/\/www.bratov-smuk.si\/index.php?rest_route=\/wp\/v2\/media\/868"}],"wp:attachment":[{"href":"https:\/\/www.bratov-smuk.si\/index.php?rest_route=%2Fwp%2Fv2%2Fmedia&parent=859"}],"curies":[{"name":"wp","href":"https:\/\/api.w.org\/{rel}","templated":true}]}}