{"id":579,"date":"2018-06-19T18:16:50","date_gmt":"2018-06-19T18:16:50","guid":{"rendered":"http:\/\/www.bratov-smuk.si\/?page_id=579"},"modified":"2018-06-19T18:16:50","modified_gmt":"2018-06-19T18:16:50","slug":"peter-salamon-zametni-glas-kranja","status":"publish","type":"page","link":"https:\/\/www.bratov-smuk.si\/?page_id=579","title":{"rendered":"Peter \u0160alamon \u2013 \u017eametni glas Kranja"},"content":{"rendered":"<div class=\"entry-content\" itemprop=\"text\">\n<p><strong>Petra \u0160alamona ve\u010dina Kranj\u010danov pozna preko \u017eametnega glasu na Radiu Kranj, mi pa smo lahko ponosni, da je na\u0161 sosed in sokrajan na ulici Lojzeta Hrovata, kjer \u017eivi \u017ee vse od izgradnje na\u0161ega naselja. Zagotovo je Peter eden tistih, ki je v soboto spremljal v \u017eivo kraljevo poroko v Veliki Britaniji, saj je velik poznavalec britanske kraljeve dru\u017eine in skoraj vsako leto obi\u0161\u010de London. Je tudi velik navdu\u0161enec nad gledali\u0161\u010dem in odrsko umetnostjo nasploh. Velja namre\u010d za rekorderja po ogledu predstav med Tednom slovenske drame. \u010ce priklopite na Radio Kranj, ga boste lahko sli\u0161ali v novicah, sobotnem popoldanskem programu in v njegovi oddaji o gledali\u0161\u010du.<\/strong><\/p>\n<p><a href=\"http:\/\/www.bratov-smuk.si\/wp-content\/uploads\/2018\/06\/gledali\u0161\u010de.jpg\"><img loading=\"lazy\" class=\"alignnone size-medium wp-image-580\" src=\"http:\/\/www.bratov-smuk.si\/wp-content\/uploads\/2018\/06\/gledali\u0161\u010de-237x300.jpg\" alt=\"\" width=\"237\" height=\"300\" srcset=\"https:\/\/www.bratov-smuk.si\/wp-content\/uploads\/2018\/06\/gledali\u0161\u010de-237x300.jpg 237w, https:\/\/www.bratov-smuk.si\/wp-content\/uploads\/2018\/06\/gledali\u0161\u010de-768x974.jpg 768w, https:\/\/www.bratov-smuk.si\/wp-content\/uploads\/2018\/06\/gledali\u0161\u010de-808x1024.jpg 808w, https:\/\/www.bratov-smuk.si\/wp-content\/uploads\/2018\/06\/gledali\u0161\u010de-640x811.jpg 640w, https:\/\/www.bratov-smuk.si\/wp-content\/uploads\/2018\/06\/gledali\u0161\u010de-300x380.jpg 300w, https:\/\/www.bratov-smuk.si\/wp-content\/uploads\/2018\/06\/gledali\u0161\u010de-38x48.jpg 38w, https:\/\/www.bratov-smuk.si\/wp-content\/uploads\/2018\/06\/gledali\u0161\u010de.jpg 1076w\" sizes=\"(max-width: 237px) 100vw, 237px\" \/><\/a><\/p>\n<div class=\"page\" title=\"Page 7\">\n<div class=\"section\">\n<div class=\"layoutArea\">\n<div class=\"column\">\n<h5>Gledali\u0161\u010de je Petrova velika strast.\u00a0Velja za rekorderja po ogledu gledali\u0161kih predstav v \u010dasu Tedna slovenske drame.\u00a0Je tudi \u010dlan Sveta Pre\u0161ernovega gledali\u0161\u010da Kranj.\u00a0Na Radiu Kranj ima svojo oddajo o gledali\u0161\u010du.<\/h5>\n<\/div>\n<\/div>\n<\/div>\n<\/div>\n<p><strong>Glede na to, da Peter sodi med \u00bbstare\u00ab planince, sem ga povpra\u0161ala o njegovem otro\u0161tvu na Planini. <\/strong><\/p>\n<p><em>Imam zelo \u00a0lepe spomine, veliko smo se dru\u017eili s prijatelji iz bloka, bili zunaj. Tudi osnovno \u0161olo sem obiskoval tu na \u00bb\u010copovi\u00ab, ki se je ravno odprla, ko sem \u0161el sam v prvi razred. So\u0161olci so bili iz Planine in je bilo la\u017eje navezati stike. Spomnim se, da je bilo takrat otro\u0161tvo precej brezskrbno, veliko smo se igrali za blokom, na hribu, pozimi smo se sankali na hrib\u010dkih, mame pa so nas z balkonov klicale na kosilo, ker takrat \u0161e ni bilo telefonov.<\/em><\/p>\n<p><strong>Poznamo te predvsem po tvoji radijski vlogi, zato me zanima, kaj te najbolj veseli v tem poklicu?<\/strong><\/p>\n<p><em>Zadnja leta sem sicer bolj v novi\u010darskih vodah, veselijo pa me predvsem pogovori s kak\u0161nimi zanimivimi sogovorniki, znanimi osebami, igralci, vse kar je v zvezi z gledali\u0161\u010dem, tako da imam sedaj tudi svojo oddajo prav o gledali\u0161\u010du. Zelo rad imam pogovore s politiki, predsedniki vlad, dr\u017eave. <\/em><\/p>\n<p><strong>Koga od teh znanih oseb, s katerimi si imel pogovor bi izpostavil?<\/strong><\/p>\n<p><em>Izpostavil bi nad\u0161kofa Franca Rodeta, ki sem ga \u0161el snemat v Vatikan, na njegov dom, takrat ko je \u0161e opravljal funkcijo prefekta kongregacije. Zanimivo je bilo to, da sem pri\u0161el na intervju ob dogovorjeni uri, \u00a0nih\u010de ni pri\u0161el po mene. Bila pa je tam \u0161vicarska garda, ki me je spustila noter, kjer me je sprejel najprej njegov tajnik in me pospremil v sprejemno pisarno. Kar nekaj \u010dasa sem sedel sam v tej\u00a0 veli\u010dastni pisarni, kjer je bilo vse v zlatu. Potem je pri\u0161el kardinal Rode iz druge sobe in sva posnela intervju. To je bila ena taka zanimiva izku\u0161nja iz terena.<\/em><\/p>\n<p><a href=\"http:\/\/www.bratov-smuk.si\/wp-content\/uploads\/2018\/06\/intervju-rode.jpg\"><img loading=\"lazy\" class=\"alignnone size-medium wp-image-581\" src=\"http:\/\/www.bratov-smuk.si\/wp-content\/uploads\/2018\/06\/intervju-rode-300x225.jpg\" alt=\"\" width=\"300\" height=\"225\" srcset=\"https:\/\/www.bratov-smuk.si\/wp-content\/uploads\/2018\/06\/intervju-rode-300x225.jpg 300w, https:\/\/www.bratov-smuk.si\/wp-content\/uploads\/2018\/06\/intervju-rode-48x36.jpg 48w, https:\/\/www.bratov-smuk.si\/wp-content\/uploads\/2018\/06\/intervju-rode-160x120.jpg 160w, https:\/\/www.bratov-smuk.si\/wp-content\/uploads\/2018\/06\/intervju-rode.jpg 600w\" sizes=\"(max-width: 300px) 100vw, 300px\" \/><\/a><\/p>\n<div class=\"page\" title=\"Page 5\">\n<div class=\"section\">\n<div class=\"layoutArea\">\n<div class=\"column\">\n<h5>Intervju s kardinalom Francem Rodetom v Vatikanu.<\/h5>\n<\/div>\n<\/div>\n<\/div>\n<\/div>\n<p><strong>Torej pravi\u0161, da ni delo radijskega novinarja le v studiu?<\/strong><\/p>\n<p><em>Ne, veliko stvari se posname tudi na terenu. To je tudi eden od \u010darov tega poklica, da nisi zaprt v prostoru, ampak gre\u0161 lahko na teren.<\/em><\/p>\n<p><strong>Je bilo novinarstvo in radio izbira \u017ee, ko si se odlo\u010dal za \u0161tudij in poklic?<\/strong><\/p>\n<p><em>Ne, tudi nisem \u0161tudiral novinarstva. Najprej sem \u0161tudiral geografijo in \u0161pan\u0161\u010dino, potem sem \u0161el\u00a0\u0161tudirat politologijo. Zakaj nisem \u0161el \u0161tudirat novinarstva pa je tudi zanimiva zgodba, kjer je imela pomembno vlogo Mi\u0161a Molk, ki mi je svetovala, da si novinar lahko tudi brez samega \u0161tudija novinarstva, hkrati pa tako pridobi\u0161 kak\u0161en drug pogled, ki ga lahko kasneje v novinarstvu izkoristi\u0161. <\/em><\/p>\n<p><strong>In kaj lahko uporabi\u0161 iz \u0161tudija politologije v novinarstvu?<\/strong><\/p>\n<p><em>Zagotovo veliko ve\u010d vem in la\u017eje delam politi\u010dne teme za radio, sploh v \u010dasu volitev. Veliko spremljam aktualno dogajanje in imam veliko vpra\u0161anj, pokrivam tudi seje kranjskega mestnega sveta, zato sem na teko\u010dem in vem kaj se dogaja. <\/em><\/p>\n<p><strong>Bi lahko potem tudi rekel, da imate novinarji neko odgovornost, da morda lahko preko radia oz. medija vplivate na mnenje ljudi?<\/strong><\/p>\n<p><em>Klju\u010dno je, da predstavi\u0161\u00a0 vse strani. Ko pripravlja\u0161 novico, ne more\u0161 predstaviti le eno stali\u0161\u010de, kot tisto pravo. Skratka, sku\u0161a\u0161 uravnote\u017eit tak\u0161no novico. Se pa tudi zgodi, da to ne gre, saj \u00a0nekateri tudi niso pripravljeni odgovarjati tvoja vpra\u0161anja. \u0160e vedno pa smo novinarji dostikrat napadeni, da smo za ene bolj kot za druge. <\/em><\/p>\n<p><strong>Do kje so torej za tebe meje novinarja, ko lahko preko radia razgali\u0161 tudi samega sebe in svoje mnenje?<\/strong><\/p>\n<p><em>Jaz se posku\u0161am resni\u010dno dr\u017eat tega, da ne ka\u017eem svojih stali\u0161\u010d. V\u010dasih pa te kak\u0161na tema malce razjezi in se to tudi \u010duti, da ho\u010de\u0161 dati tudi svoje stali\u0161\u010de, \u010deprav ga sku\u0161a\u0161 zadr\u017eat. A tudi to se zgodi.<\/em><\/p>\n<p><strong>Kaj te poleg radia \u0161e definira?<\/strong><\/p>\n<p><em>Radio mi res vzame precej \u010dasa. Moja druga strast je gledali\u0161\u010de, ki mu posvetim res veliko svojega \u010dasa,, saj sem njegov redni obiskovalec, \u017ee eno leto sem tudi \u010dlan Sveta Pre\u0161ernovega gledali\u0161\u010da v Kranj. Obiskujem redno tudi Dramo in SNG v Ljubljani in obvezno Teden slovenske drame, kjer si ogledam prav vse predstave. Recimo 16 predstav v 12 dnevih, kar je ve\u010d kot eno na dan. Naslednja strast pa so potovanja, sem tudi turisti\u010dni vodnik. V London se vedno rad vra\u010dam, saj zelo mi je pri srcu \u017eivljenje, kultura, arhitektura pa tudi muzikali in gledali\u0161\u010de. <\/em><\/p>\n<p><strong>In katero nasednje potovanje na\u010drtuje\u0161?<\/strong><\/p>\n<p><em>Najprej morje, potem pa v tople kraje, razmi\u0161ljam o kri\u017earjenju pri Dubaju, Abu Dhabiju. Mogo\u010de me kdaj odnese tudi v Azijo. Zagotovo, bi \u0161el zelo rad spet v Ameriko, bil sem \u017ee v New Yorku, Washingtonu, mogo\u010de bi \u0161el tokrat v Los Angeles. Imam pa \u017ee na\u010drt za potovanje \u010dez eno leto ob prvem maju za zaklju\u010deno dru\u017ebo. Letos smo bili v Budimpe\u0161ti, lani v Rimu, naslednje leto pa bi \u0161li v Lizbono&#8230;kriv je Eurosong (smeh). <\/em><\/p>\n<p><strong>Torej te navdu\u0161uje tudi Eurosong?<\/strong><\/p>\n<p><em>Tudi, verjetno je to povezano tudi s tem, da je bila v \u010dasu otro\u0161tva prav Eurosong edina, ki sem jo lahko gledal do konca, do polno\u010di, da sem bil lahko tako dolgo pokonci. Morda jo zato redno spremljam vse od takrat. Sem pa tudi profesionalno na radiu pokrival slovenski izbor za Eurosong, Emo. <\/em><\/p>\n<p><strong>Kak\u0161na je bila tvoja poklica pot na radiu?<\/strong><\/p>\n<p><em>Za\u010delo se je z avdicijo leta 2001. Takrat smo morali pripraviti eno novico iz treh strani v le pet vrstic in jo prebrati. Ocenjevala nas je Ajda Kalan, na katero imam zelo lepe spomine, ker smo imeli potem pri njej tudi govorne vaje. Zaradi tega, ker mi je \u0161lo vedno na smeh je Ajda govorila, da zaradi mene hodi utrujena domov, \u010deprav je bilo ponavadi ravno obratno. Po sprejemu na avdiciji sem potem pribli\u017eno \u010dez \u00a0pol leta pri\u0161el tudi v eter. \u0160lo je po\u010dasi, najprej z anketami, novicami, do tega,\u00a0 da sem bil v etru vsak dan. Zdaj\u00a0 sem se zopet vrnil na novice in pripravljam bolj lokalne novice, ob vikendih \u00a0imam popoldanski program. Priznam, da je vse posneto (smeh).<\/em><\/p>\n<p><a href=\"http:\/\/www.bratov-smuk.si\/wp-content\/uploads\/2018\/06\/splitski-festival-tereza.jpg\"><img loading=\"lazy\" class=\"alignnone size-medium wp-image-582\" src=\"http:\/\/www.bratov-smuk.si\/wp-content\/uploads\/2018\/06\/splitski-festival-tereza-300x225.jpg\" alt=\"\" width=\"300\" height=\"225\" srcset=\"https:\/\/www.bratov-smuk.si\/wp-content\/uploads\/2018\/06\/splitski-festival-tereza-300x225.jpg 300w, https:\/\/www.bratov-smuk.si\/wp-content\/uploads\/2018\/06\/splitski-festival-tereza-48x36.jpg 48w, https:\/\/www.bratov-smuk.si\/wp-content\/uploads\/2018\/06\/splitski-festival-tereza-160x120.jpg 160w, https:\/\/www.bratov-smuk.si\/wp-content\/uploads\/2018\/06\/splitski-festival-tereza.jpg 600w\" sizes=\"(max-width: 300px) 100vw, 300px\" \/><\/a><\/p>\n<div class=\"page\" title=\"Page 8\">\n<div class=\"section\">\n<div class=\"layoutArea\">\n<div class=\"column\">\n<h5>Intervju s Terezo Kesovija, ki ga je naredil na Splitskem festivalu.<\/h5>\n<\/div>\n<\/div>\n<\/div>\n<\/div>\n<p><strong>Nam lahko zaupa\u0161 koliko programa na radiu je v \u017eivo in koliko je posneto vnaprej?<\/strong><\/p>\n<p><em>V \u017eivo je ve\u010dina programa med tednom, razen novic, ki se posnamejo vnaprej. Med prazniki in vikendi je popoldanski program ponavadi vnaprej posnet, dopoldnevi so obi\u010dajno v \u017eivo. <\/em><\/p>\n<p><strong>Radio Kranj v svojem programu ponuja veliko vsebine in razli\u010dnih oddaj, ne le dobre glasbe in atraktivnih vsebin drugih bolj komercialnih radijskih postaj. Kako pridobivate poslu\u0161alce?<\/strong><\/p>\n<p><em>Radio Kranj \u00a0pribli\u017eno dve leti \u017ee spada pod okrilje Radia 1. V Ljubljani tako skrbijo za raziskave, glasbo in od takrat se je tudi program Radia Kranj tudi precej spremenil. Dvignila se je poslu\u0161anost, marsikaj novega smo se nau\u010dili tudi zaposleni na radiu, ob pomo\u010di mednarodnih strokovnjakov glede novih trendov modernega radia. Pri tem je res pomembno, kako se na\u010drtuje program glede na \u010das, ko poslu\u0161alci najve\u010d poslu\u0161ajo radio. Takrat ima ponavadi prednost glasba in koristne informacije, kot lokalni radio tudi lokalne novice. Pomembna je tudi dol\u017eina govora in\u00a0novic, to je najve\u010d 3 minute, kar je tudi izziv za nas, kako nek pogovor, dolg 30 min spraviti v 3&#215;3 minutni prispevek, sploh pri sogovornikih, ki zelo radi govorijo. Res\u00a0 se trudimo spremljati in poro\u010dati o tem, \u00a0kaj se dogaja v lokalnem okolju.<\/em><\/p>\n<p><strong>\u010ce bi pripravljali radijski prispevek o na\u0161i soseski, kaj bi izpostavili?<\/strong><\/p>\n<p><em>Izpostavil bi, da se v zadnjih letih marsikaj spremenilo in naredilo, veliko je tudi vsakoletnih dogodkov. \u00a0Me je pa zmeraj ena stvar zmotila, in sicer, da je bila Planina 2 vedno malce zapostavljena. Ko spremljam lokalno politiko, se mi zdi, da se vse kar se dela pri o\u017eivljanju soseske Planina, da je vezno na Planino 1, kjer je bilo v zadnjih letih \u017ee marsikaj narejeno, od otro\u0161kega igri\u0161\u010da, fitnesa na prostem, medtem pa se na Planini 2 ni \u0161e kaj posebnega uredilo, \u010deprav je na\u010drtovano.<\/em><\/p>\n<div class=\"page\" title=\"Page 8\">\n<div class=\"section\">\n<div class=\"layoutArea\">\n<div class=\"column\">\n<p>Zapisala: Manja Zorko<br \/>\nFotografije: osebni arhiv Petra \u0160alamona<\/p>\n<\/div>\n<\/div>\n<\/div>\n<\/div>\n\n\n<\/div>\n","protected":false},"excerpt":{"rendered":"<div class=\"entry-summary\" itemprop=\"text\">\n<p>Petra \u0160alamona ve\u010dina Kranj\u010danov pozna preko \u017eametnega glasu na Radiu Kranj, mi pa smo lahko ponosni, da je na\u0161 sosed in sokrajan na ulici Lojzeta Hrovata, kjer \u017eivi \u017ee vse od izgradnje na\u0161ega naselja. Zagotovo je Peter eden tistih, ki je v soboto spremljal v \u017eivo kraljevo poroko v Veliki Britaniji, saj je velik poznavalec &#8230;<\/p>\n\n<\/div>\n","protected":false},"author":1,"featured_media":580,"parent":416,"menu_order":0,"comment_status":"closed","ping_status":"closed","template":"","meta":[],"_links":{"self":[{"href":"https:\/\/www.bratov-smuk.si\/index.php?rest_route=\/wp\/v2\/pages\/579"}],"collection":[{"href":"https:\/\/www.bratov-smuk.si\/index.php?rest_route=\/wp\/v2\/pages"}],"about":[{"href":"https:\/\/www.bratov-smuk.si\/index.php?rest_route=\/wp\/v2\/types\/page"}],"author":[{"embeddable":true,"href":"https:\/\/www.bratov-smuk.si\/index.php?rest_route=\/wp\/v2\/users\/1"}],"replies":[{"embeddable":true,"href":"https:\/\/www.bratov-smuk.si\/index.php?rest_route=%2Fwp%2Fv2%2Fcomments&post=579"}],"version-history":[{"count":1,"href":"https:\/\/www.bratov-smuk.si\/index.php?rest_route=\/wp\/v2\/pages\/579\/revisions"}],"predecessor-version":[{"id":583,"href":"https:\/\/www.bratov-smuk.si\/index.php?rest_route=\/wp\/v2\/pages\/579\/revisions\/583"}],"up":[{"embeddable":true,"href":"https:\/\/www.bratov-smuk.si\/index.php?rest_route=\/wp\/v2\/pages\/416"}],"wp:featuredmedia":[{"embeddable":true,"href":"https:\/\/www.bratov-smuk.si\/index.php?rest_route=\/wp\/v2\/media\/580"}],"wp:attachment":[{"href":"https:\/\/www.bratov-smuk.si\/index.php?rest_route=%2Fwp%2Fv2%2Fmedia&parent=579"}],"curies":[{"name":"wp","href":"https:\/\/api.w.org\/{rel}","templated":true}]}}