{"id":23,"date":"2015-01-15T09:51:38","date_gmt":"2015-01-15T09:51:38","guid":{"rendered":"http:\/\/www.bratov-smuk.si\/?page_id=23"},"modified":"2015-06-16T10:55:15","modified_gmt":"2015-06-16T10:55:15","slug":"pisite-nam","status":"publish","type":"page","link":"https:\/\/www.bratov-smuk.si\/?page_id=23","title":{"rendered":"Pi\u0161ite nam"},"content":{"rendered":"<div class=\"entry-content\" itemprop=\"text\">\n<div style=\"display:none\" class=\"fm-form-container fm-theme3\"><div id=\"fm-pages1\" class=\"fm-pages wdform_page_navigation \" show_title=\"false\" show_numbers=\"true\" type=\"none\"><\/div><form name=\"form1\" action=\"\/index.php?rest_route=%2Fwp%2Fv2%2Fpages%2F23\" method=\"post\" id=\"form1\" class=\"fm-form form1  \" enctype=\"multipart\/form-data\"><input type=\"hidden\" id=\"counter1\" value=\"8\" name=\"counter1\" \/><input type=\"hidden\" id=\"Itemid1\" value=\"\" name=\"Itemid1\" \/><input type=\"text\" class=\"fm-hide\" id=\"fm_bot_validation1\" value=\"\" name=\"fm_bot_validation1\" \/><input type=\"text\" class=\"fm-hide\" id=\"fm_empty_field_validation1\" value=\"\" name=\"fm_empty_field_validation1\" data-value=\"42741a9c7c14c413d7a37432a57741fe\" \/><input type=\"hidden\" id=\"fm_form_nonce1\" name=\"fm_form_nonce1\" value=\"dd35fa230e\" \/><input type=\"hidden\" name=\"_wp_http_referer\" value=\"\/index.php?rest_route=%2Fwp%2Fv2%2Fpages%2F23\" \/><div class=\"wdform-page-and-images\" style=\"border-top-color: black; border-top-width: 0px; border-top-style: solid; display: table;\"><div class=\"wdform_page\" id=\"1form_view1\" previous_checkable=\"false\" previous_class=\"wdform-page-button\" previous_type=\"text\" previous_title=\"Previous\" next_checkable=\"false\" next_class=\"wdform-page-button\" next_type=\"text\" next_title=\"Next\" page_title=\"Untitled page\"><div class=\"wdform_section\"><div class=\"wdform_column \"><div class=\"wdform_row \" wdid=\"1\"><div type=\"type_editor\" class=\"wdform-field\"><div><h2>Sporo\u010dite nam pripombe, predloge, \u017eelje, ...<\/h2><p>Odgovorili vam bomo v najkraj\u0161em mo\u017enem \u010dasu.<\/p><\/div><p><br><\/p><\/div><\/div><div class=\"wdform_row \" wdid=\"2\"><div type=\"type_name\" class=\"wdform-field wd-width-100 wd-flex wd-flex-row\"><div class=\"wdform-label-section wd-width-30  wd-flex-row\" style=\"max-width: 150px;\">    <label  for=\"wdform_2_element_first1\" class=\"wdform-label\">Naziv:<\/label><\/div><div class=\"wdform-element-section wd-flex  wd-flex-row wd-width-70\" style=\"max-width: 120px;\"><div class=\"wd-flex wd-flex-column wd-width-50\"><input type=\"text\" class=\"wd-width-100\" id=\"wdform_2_element_first1\" name=\"wdform_2_element_first1\" value=\"\" title=\"\" placeholder=\"\"  \/><label class=\"mini_label\" for=\"wdform_2_element_first1\">Ime<\/label><\/div><div class=\"wd-flex wd-flex-column wd-name-separator\"><\/div><div class=\"wd-flex wd-flex-column wd-width-50\"><input type=\"text\" class=\"wd-width-100\" id=\"wdform_2_element_last1\" name=\"wdform_2_element_last1\" value=\"\" title=\"\" placeholder=\"\"  \/><label class=\"mini_label\" for=\"wdform_2_element_last1\">Priimek<\/label><\/div><\/div><\/div><\/div><div class=\"wdform_row \" wdid=\"3\"><div type=\"type_submitter_mail\" class=\"wdform-field wd-width-100 wd-flex wd-flex-row\"><div class=\"wdform-label-section wd-width-30  wd-flex-row\" style=\"max-width: 150px;\">    <label  for=\"wdform_3_element1\" class=\"wdform-label\">e-po\u0161ta:<\/label><span class=\"wdform-required\">*<\/span><\/div><div class=\"wdform-element-section wd-flex  wd-flex-row wd-width-70\" style=\"max-width: 300px;\"><input type=\"text\" class=\"wd-width-100\" id=\"wdform_3_element1\" name=\"wdform_3_element1\" value=\"primer: janez.novak@gmail.com\" title=\"primer: janez.novak@gmail.com\" placeholder=\"primer: janez.novak@gmail.com\"   onchange=\"wd_check_email('3', '1', 'This is not a valid email address.')\" \/><\/div><\/div><\/div><div class=\"wdform_row \" wdid=\"4\"><div type=\"type_textarea\" class=\"wdform-field wd-width-100 wd-flex wd-flex-row\"><div class=\"wdform-label-section wd-width-30 \" style=\"max-width: 150px;\">    <label  for=\"wdform_4_element1\" class=\"wdform-label\">Sporo\u010dilo:<\/label><span class=\"wdform-required\">*<\/span><\/div><div class=\"wdform-element-section wd-flex  wd-width-70\" style=\"max-width: 350px;\"><textarea class=\"wd-width-100\"                      id=\"wdform_4_element1\"                      name=\"wdform_4_element1\"                      placeholder=\"\"                      style=\"height: 200px;\"                      ><\/textarea><\/div><\/div><\/div><div class=\"wdform_row \" wdid=\"6\"><div type=\"type_submit_reset\" class=\"wdform-field wd-width-100 wd-flex wd-flex-column\"><div class=\"wdform-element-section wd-flex  wd-flex-row wd-width-100\" ><button  type=\"button\" class=\"button-submit\" onclick=\"fm_submit_form('1');\"  data-ajax=\"0\"><span class=\"fm-submit-loading spinner fm-ico-spinner\"><\/span>Po\u0161lji<\/button><button  type=\"button\" class=\"button-reset \" onclick=\"fm_reset_form(1);\" >Prekli\u010di<\/button><\/div><\/div><\/div><\/div><\/div><div wdid=\"7\" type=\"type_section_break\" class=\"wdform_tr_section_break\"><div type=\"type_section_break\" class=\"wdform-field-section-break\"><div class=\"wdform_section_break\"><div class=\"wdform-section-break-div\" style=\"min-width: 300px; border-top:1px solid\">* obvezni podatki<\/div><\/div><\/div><\/div><div class=\"wdform_section\"><div class=\"wdform_column \"><\/div><\/div><div class=\"wdform_footer\" style=\"width: 100%;\" valign=\"top\"><div style=\"width: 100%;\"><div style=\"width: 100%; display: table;\"><div style=\"display: table-row-group;\"><div id=\"1page_nav1\" style=\"display: table-row;\"><\/div><\/div><\/div><\/div><\/div><\/div><\/div><div class=\"wdform_preload\"><\/div><\/form><\/div>\n\n\n<\/div>\n","protected":false},"excerpt":{"rendered":"","protected":false},"author":1,"featured_media":0,"parent":0,"menu_order":0,"comment_status":"closed","ping_status":"open","template":"","meta":[],"_links":{"self":[{"href":"https:\/\/www.bratov-smuk.si\/index.php?rest_route=\/wp\/v2\/pages\/23"}],"collection":[{"href":"https:\/\/www.bratov-smuk.si\/index.php?rest_route=\/wp\/v2\/pages"}],"about":[{"href":"https:\/\/www.bratov-smuk.si\/index.php?rest_route=\/wp\/v2\/types\/page"}],"author":[{"embeddable":true,"href":"https:\/\/www.bratov-smuk.si\/index.php?rest_route=\/wp\/v2\/users\/1"}],"replies":[{"embeddable":true,"href":"https:\/\/www.bratov-smuk.si\/index.php?rest_route=%2Fwp%2Fv2%2Fcomments&post=23"}],"version-history":[{"count":3,"href":"https:\/\/www.bratov-smuk.si\/index.php?rest_route=\/wp\/v2\/pages\/23\/revisions"}],"predecessor-version":[{"id":42,"href":"https:\/\/www.bratov-smuk.si\/index.php?rest_route=\/wp\/v2\/pages\/23\/revisions\/42"}],"wp:attachment":[{"href":"https:\/\/www.bratov-smuk.si\/index.php?rest_route=%2Fwp%2Fv2%2Fmedia&parent=23"}],"curies":[{"name":"wp","href":"https:\/\/api.w.org\/{rel}","templated":true}]}}