{"id":223,"date":"2016-01-25T08:58:06","date_gmt":"2016-01-25T08:58:06","guid":{"rendered":"http:\/\/www.bratov-smuk.si\/?page_id=223"},"modified":"2018-06-22T20:45:18","modified_gmt":"2018-06-22T20:45:18","slug":"celostna-prenova-planine","status":"publish","type":"page","link":"https:\/\/www.bratov-smuk.si\/?page_id=223","title":{"rendered":"Celostna prenova Planine"},"content":{"rendered":"<div class=\"entry-content\" itemprop=\"text\">\n<p>Velike stanovanjske soseske, zlasti iz nekdanjih socialisti\u010dnih dr\u017eav postajajo vse bolj te\u017eavne in s tem vse manj primerne za normalno \u017eivljenje.<\/p>\n<p>Obenem ugotavljamo, da prav srednje in vzhodnoevropske dr\u017eave \u0161e vedno nimajo nobenih strategij, ki bi bile namenjene re\u0161evanju\u00a0 problemov velikih stanovanjskih sosesk. Opozoriti velja, da lahko zanemarjanje problematike stanovanjskih sosesk pripelje do neslutenih\u00a0 negativnih socialnih in ekonomskih posledic. Izku\u0161nje iz drugih dr\u017eav, kjer so se zna\u0161li v fazi fizi\u010dnega in socialnega propadanja takih stanovanjskih obmo\u010dij, so nam lahko resno opozorilo.<\/p>\n<p>Stanovanjska soseska Planina v Kranju velja za najve\u010dje stanovanjsko naselje v celotni gorenjski regiji. V njej \u017eivi pribli\u017eno 16.000 stanovalcev, kar pomeni ve\u010d kot \u010detrtina vseh ob\u010dank in ob\u010danov. Za\u010detek gradnje sega v prvo polovico 70. let prej\u0161njega stoletja, ko je bila na\u010drtovana kot samozadostna prostorska enota namenjena predvsem delavskemu razredu okoli\u0161kih industrijskih obratov (Sava, Tekstilindus,Iskra,\u2026). Danes, po 40 letih je soseska z tako visoko gostoto prebivalcev potrebna fizi\u010dne in socialne prenove. Glavni problemi so neurejeno parkiranje, zanemarjene zelenice, otro\u0161ka in \u0161portna igri\u0161\u010da, pomanjkanje dru\u017ebene kohezije in nara\u0161\u010dajo\u010da brezposelnost. Neukrepanje na tem podro\u010dju bi pomenilo odseljevanje ekonomsko sposobnej\u0161ih stanovalcev, priseljevanje ekonomsko in socialno \u0161ibkej\u0161ih stanovalcev in nadaljevanje fizi\u010dne in socialne degradacije soseske.<\/p>\n<p><strong>Zato je mestna ob\u010dina Kranj pri\u010dela z aktivnostimi, ki bodo pomagale k bolj\u0161emu poznavanju kakovosti bivanja in potreb v soseski Planina. Cilj prenove je narediti privla\u010dno in kvalitetno okolje za bivanje, delo, pre\u017eivljanje prostega \u010dasa in vzgojo otrok.<\/strong><\/p>\n<p>&nbsp;<\/p>\n<p><strong>Idejni projekti soseske Planina v na\u0161i krajevni skupnosti<\/strong><\/p>\n<p>V za\u010detku tega leta je Pisarna prenove soseske Planina predstavila idejne projekte za sosesko Planina in organizirala delavnice, na kateri so prebivalci Planine predlagali spremembe, dopolnitve in pripombe. V na\u0161i krajevni skupnosti so na\u010drtovani naslednji idejni projekti:<\/p>\n<p><strong>Nova urbana oprema na Planini, <\/strong>ki bo sestavljena iz klopi, smetnjakov, stojal za kolesa, koli\u010dkov, pitnikov, korit in opor za vzpenjalke. Name\u0161\u010dene bodo tudi dodatne uli\u010dne svetilke, informacijske table in panoji ter avtobusna nadstre\u0161nica. Ob prenovi bo odstranjenih veliko obstoje\u010dih elementov, ki jih \u017eelimo reciklirati in ponovno koristno uporabiti na Planini.<\/p>\n<p>Prebivalci v skupini za urbano opremo so predlagali \u0161tevilne spremembe, vezane na to\u010dno dolo\u010dene ulice in dele soseske. Predvsem si \u017eelijo ve\u010dje \u0161tevilo klopi in ve\u010d ve\u010djih ko\u0161ev za smeti, opozarjajo na neurejene razmere s smetnjaki, manjkajo\u010de koli\u010dke, iz odslu\u017eene opreme in talkovcev pa bi radi oblikovali korita za vrti\u010dke. Odslu\u017eeno opremo bi reciklirali tudi za popravila uni\u010denih igri\u0161\u010d in neurejenih dostopov. Udele\u017eenci omenjajo \u0161e problem vzdr\u017eevanja, tudi oglasnih tabel, ki so vedno bolj polepljene.<\/p>\n<p><a href=\"http:\/\/www.bratov-smuk.si\/wp-content\/uploads\/2016\/01\/URBANA-OPREMA.jpg\"><img loading=\"lazy\" class=\"alignnone size-medium wp-image-594\" src=\"http:\/\/www.bratov-smuk.si\/wp-content\/uploads\/2016\/01\/URBANA-OPREMA-300x212.jpg\" alt=\"\" width=\"300\" height=\"212\" srcset=\"https:\/\/www.bratov-smuk.si\/wp-content\/uploads\/2016\/01\/URBANA-OPREMA-300x212.jpg 300w, https:\/\/www.bratov-smuk.si\/wp-content\/uploads\/2016\/01\/URBANA-OPREMA-768x543.jpg 768w, https:\/\/www.bratov-smuk.si\/wp-content\/uploads\/2016\/01\/URBANA-OPREMA-1024x724.jpg 1024w, https:\/\/www.bratov-smuk.si\/wp-content\/uploads\/2016\/01\/URBANA-OPREMA-640x452.jpg 640w, https:\/\/www.bratov-smuk.si\/wp-content\/uploads\/2016\/01\/URBANA-OPREMA-48x34.jpg 48w, https:\/\/www.bratov-smuk.si\/wp-content\/uploads\/2016\/01\/URBANA-OPREMA.jpg 2048w\" sizes=\"(max-width: 300px) 100vw, 300px\" \/><\/a><\/p>\n<p>&nbsp;<\/p>\n<p><strong>Povezovalna tematska pot med Planino 1, 2 in 3,<\/strong>kine bo zgolj fizi\u010dna povezovalna povr\u0161ina, temve\u010d je \u017eelja, da se jo spremeni v pot, ki bo dostopna za gibalno in seznorno ovirane prebivalce. Nekaj ovir so \u017ee prepoznali, nekaj se jih bo na\u0161lo skupaj z Medob\u010dinskim dru\u0161tvom slepih in slabovidnih Kranj.<\/p>\n<p>Tematska pot treh Planin bi po mnenju prebivalcev morala imeti hitrostne ovire, da bi upo\u010dasnila mlade z motorji. Opozorili so tudi na blato, ki se naredi, \u010de med klopmi ni podlage. Predlagali so klopi brez naslonjal.<\/p>\n<p><a href=\"http:\/\/www.bratov-smuk.si\/wp-content\/uploads\/2016\/01\/POVEZOVALNA-POT.jpg\"><img loading=\"lazy\" class=\"alignnone size-medium wp-image-593\" src=\"http:\/\/www.bratov-smuk.si\/wp-content\/uploads\/2016\/01\/POVEZOVALNA-POT-300x151.jpg\" alt=\"\" width=\"300\" height=\"151\" srcset=\"https:\/\/www.bratov-smuk.si\/wp-content\/uploads\/2016\/01\/POVEZOVALNA-POT-300x151.jpg 300w, https:\/\/www.bratov-smuk.si\/wp-content\/uploads\/2016\/01\/POVEZOVALNA-POT-768x386.jpg 768w, https:\/\/www.bratov-smuk.si\/wp-content\/uploads\/2016\/01\/POVEZOVALNA-POT-1024x514.jpg 1024w, https:\/\/www.bratov-smuk.si\/wp-content\/uploads\/2016\/01\/POVEZOVALNA-POT-640x321.jpg 640w, https:\/\/www.bratov-smuk.si\/wp-content\/uploads\/2016\/01\/POVEZOVALNA-POT-48x24.jpg 48w, https:\/\/www.bratov-smuk.si\/wp-content\/uploads\/2016\/01\/POVEZOVALNA-POT.jpg 1330w\" sizes=\"(max-width: 300px) 100vw, 300px\" \/><\/a><\/p>\n<p><strong>Podhoda pod Cesto talcev in cesto Rudija \u0160eliga sta neosvetljena, neprivla\u010dna in redko v uporabi. Njuna o\u017eivitev prina\u0161a novo urbano opremo &#8211; klopi, razstavne povr\u0161ine ter druge funkcionalne in estetske uli\u010dne elemente. <\/strong><\/p>\n<p>Vsi udele\u017eenci so si bili enotni, da je podhode potrebno osvetliti. Predlagali so barvanje v svetlih odtenkih, \u010de bo lepo, so tudi za grafite. Nujni se jim zdijo ko\u0161i za odpadke, \u017eelijo pa si plezalne ali gibalne opreme, letvenike, drogove, stropne lestve ter koordinacijske igre za noge.<\/p>\n<p>Opozorili so na varnost v primerih sre\u010devanja kolesarjev, velike hitrosti kolesarjev, ostrih elementov in problema, ki ga predstavljajo motorji. Podhode bi bilo nujno prilagoditi slepim, slabovidnih, invalidom in star\u0161em z vozi\u010dki. Kot mo\u017ene re\u0161itve so predlagali klan\u010dine s podestom, dve klan\u010dini ter opti\u010dne prevare, ki bi jih dosegli s talnimi ozna\u010dbami.<\/p>\n<p><a href=\"http:\/\/www.bratov-smuk.si\/wp-content\/uploads\/2016\/01\/PODHOD-1.jpg\"><img loading=\"lazy\" class=\"alignnone size-medium wp-image-595\" src=\"http:\/\/www.bratov-smuk.si\/wp-content\/uploads\/2016\/01\/PODHOD-1-300x161.jpg\" alt=\"\" width=\"300\" height=\"161\" srcset=\"https:\/\/www.bratov-smuk.si\/wp-content\/uploads\/2016\/01\/PODHOD-1-300x161.jpg 300w, https:\/\/www.bratov-smuk.si\/wp-content\/uploads\/2016\/01\/PODHOD-1-768x412.jpg 768w, https:\/\/www.bratov-smuk.si\/wp-content\/uploads\/2016\/01\/PODHOD-1-1024x550.jpg 1024w, https:\/\/www.bratov-smuk.si\/wp-content\/uploads\/2016\/01\/PODHOD-1-640x343.jpg 640w, https:\/\/www.bratov-smuk.si\/wp-content\/uploads\/2016\/01\/PODHOD-1-48x26.jpg 48w, https:\/\/www.bratov-smuk.si\/wp-content\/uploads\/2016\/01\/PODHOD-1.jpg 2048w\" sizes=\"(max-width: 300px) 100vw, 300px\" \/><\/a> <a href=\"http:\/\/www.bratov-smuk.si\/wp-content\/uploads\/2016\/01\/PODHOD-2.jpg\"><img loading=\"lazy\" class=\"alignnone size-medium wp-image-596\" src=\"http:\/\/www.bratov-smuk.si\/wp-content\/uploads\/2016\/01\/PODHOD-2-300x169.jpg\" alt=\"\" width=\"300\" height=\"169\" srcset=\"https:\/\/www.bratov-smuk.si\/wp-content\/uploads\/2016\/01\/PODHOD-2-300x169.jpg 300w, https:\/\/www.bratov-smuk.si\/wp-content\/uploads\/2016\/01\/PODHOD-2-768x432.jpg 768w, https:\/\/www.bratov-smuk.si\/wp-content\/uploads\/2016\/01\/PODHOD-2-1024x576.jpg 1024w, https:\/\/www.bratov-smuk.si\/wp-content\/uploads\/2016\/01\/PODHOD-2-640x360.jpg 640w, https:\/\/www.bratov-smuk.si\/wp-content\/uploads\/2016\/01\/PODHOD-2-48x27.jpg 48w, https:\/\/www.bratov-smuk.si\/wp-content\/uploads\/2016\/01\/PODHOD-2.jpg 1920w\" sizes=\"(max-width: 300px) 100vw, 300px\" \/><\/a><\/p>\n<p><strong>Kolesarski poligon (pumptrack) bo razveselil otroke in mlade, ki se spogledujejo z urbanimi \u0161porti. Oblikovali bomo novo neformalno in za vse odprto to\u010dko dru\u017eenja, ki bo na voljo za rekreacijo mladih. <\/strong><\/p>\n<p>Pri skupini za kolesarski poligon so udele\u017eenci delavnice opozorili na mo\u017enost odvodnjavanja v obstoje\u010di ja\u0161ek ob hribu. Nujna se jim zdi namestitev ko\u0161ev za pasje iztrebke, ob hribinah pri igri\u0161\u010du za odbojko na mivki si \u017eelijo klopi ali tribune, v bli\u017eino poligona pa bo potrebno namestiti pirnik za vodo.<\/p>\n<p><a href=\"http:\/\/www.bratov-smuk.si\/wp-content\/uploads\/2016\/01\/KOLESARSKI-POLIGON.jpg\"><img loading=\"lazy\" class=\"alignnone size-medium wp-image-597\" src=\"http:\/\/www.bratov-smuk.si\/wp-content\/uploads\/2016\/01\/KOLESARSKI-POLIGON-300x169.jpg\" alt=\"\" width=\"300\" height=\"169\" srcset=\"https:\/\/www.bratov-smuk.si\/wp-content\/uploads\/2016\/01\/KOLESARSKI-POLIGON-300x169.jpg 300w, https:\/\/www.bratov-smuk.si\/wp-content\/uploads\/2016\/01\/KOLESARSKI-POLIGON-768x432.jpg 768w, https:\/\/www.bratov-smuk.si\/wp-content\/uploads\/2016\/01\/KOLESARSKI-POLIGON-1024x576.jpg 1024w, https:\/\/www.bratov-smuk.si\/wp-content\/uploads\/2016\/01\/KOLESARSKI-POLIGON-640x360.jpg 640w, https:\/\/www.bratov-smuk.si\/wp-content\/uploads\/2016\/01\/KOLESARSKI-POLIGON-48x27.jpg 48w, https:\/\/www.bratov-smuk.si\/wp-content\/uploads\/2016\/01\/KOLESARSKI-POLIGON.jpg 1920w\" sizes=\"(max-width: 300px) 100vw, 300px\" \/><\/a><\/p>\n<p>Besedilo je povzeto po prispevku na facebook strani Pisarne prenove soseske Planina<\/p>\n\n\n<\/div>\n","protected":false},"excerpt":{"rendered":"<div class=\"entry-summary\" itemprop=\"text\">\n<p>Velike stanovanjske soseske, zlasti iz nekdanjih socialisti\u010dnih dr\u017eav postajajo vse bolj te\u017eavne in s tem vse manj primerne za normalno \u017eivljenje. Obenem ugotavljamo, da prav srednje in vzhodnoevropske dr\u017eave \u0161e vedno nimajo nobenih strategij, ki bi bile namenjene re\u0161evanju\u00a0 problemov velikih stanovanjskih sosesk. Opozoriti velja, da lahko zanemarjanje problematike stanovanjskih sosesk pripelje do neslutenih\u00a0 negativnih &#8230;<\/p>\n\n<\/div>\n","protected":false},"author":1,"featured_media":0,"parent":16,"menu_order":0,"comment_status":"closed","ping_status":"closed","template":"","meta":[],"_links":{"self":[{"href":"https:\/\/www.bratov-smuk.si\/index.php?rest_route=\/wp\/v2\/pages\/223"}],"collection":[{"href":"https:\/\/www.bratov-smuk.si\/index.php?rest_route=\/wp\/v2\/pages"}],"about":[{"href":"https:\/\/www.bratov-smuk.si\/index.php?rest_route=\/wp\/v2\/types\/page"}],"author":[{"embeddable":true,"href":"https:\/\/www.bratov-smuk.si\/index.php?rest_route=\/wp\/v2\/users\/1"}],"replies":[{"embeddable":true,"href":"https:\/\/www.bratov-smuk.si\/index.php?rest_route=%2Fwp%2Fv2%2Fcomments&post=223"}],"version-history":[{"count":5,"href":"https:\/\/www.bratov-smuk.si\/index.php?rest_route=\/wp\/v2\/pages\/223\/revisions"}],"predecessor-version":[{"id":598,"href":"https:\/\/www.bratov-smuk.si\/index.php?rest_route=\/wp\/v2\/pages\/223\/revisions\/598"}],"up":[{"embeddable":true,"href":"https:\/\/www.bratov-smuk.si\/index.php?rest_route=\/wp\/v2\/pages\/16"}],"wp:attachment":[{"href":"https:\/\/www.bratov-smuk.si\/index.php?rest_route=%2Fwp%2Fv2%2Fmedia&parent=223"}],"curies":[{"name":"wp","href":"https:\/\/api.w.org\/{rel}","templated":true}]}}