{"id":21,"date":"2015-01-15T09:51:50","date_gmt":"2015-01-15T09:51:50","guid":{"rendered":"http:\/\/www.bratov-smuk.si\/?page_id=21"},"modified":"2017-05-24T20:29:32","modified_gmt":"2017-05-24T20:29:32","slug":"pobude-in-vprasanja","status":"publish","type":"page","link":"https:\/\/www.bratov-smuk.si\/?page_id=21","title":{"rendered":"Pobude in vpra\u0161anja"},"content":{"rendered":"<div class=\"entry-content\" itemprop=\"text\">\n<p><span style=\"color: #3366ff;\"><strong>Na tem mestu lahko spremljate pobude in vpra\u0161anja in njihovo realizacijo.<\/strong><\/span><\/p>\n<p><strong>Zaprtje Kro\u017ene intervencijske poti na naslovu Likozarjeva 23 (Januar 2017)<\/strong><\/p>\n<div class=\"page\" title=\"Page 16\">\n<div class=\"section\">\n<div class=\"layoutArea\">\n<div class=\"column\">\n<p>Pobudniki: eta\u017eni lastniki v blokih na naslovih Likozarjeva ulica 23, 25 in 27<\/p>\n<p>Eta\u017eni lastniki na naslovih Likozarjeva ulica 23, 25 in 27 so na zborih eta\u017enih lastnikov, ki jih je sklical Domplan d. d. kot upravnik stavb in so potekali v januarju in februarju 2017, sprejeli sklepe o zapori kro\u017ene intervencijske poti na Likozarjevi 23.<\/p>\n<p>Eta\u017eni lastniki so z ve\u010dino glasov po solastni\u0161kih dele\u017eih sprejeli sklep, da se na Mest- no ob\u010dino Kranj poda pobudo, da se zaradi povzro\u010danja nevarnosti za najranljivej\u0161e udele\u017eence v prometu in prebivalce, ki \u017eivijo na naslovu Likozarjeva ulica 23, 25 in 27, kro\u017ena (intervencijska) pot, ki poteka ob otro\u0161kem igri\u0161\u010du in mimo objektov Likozarjeva ulica 23, 25 in 27 zapre s cvetli\u010dnimi koriti in s tem onemogo\u010di kro\u017ena vo\u017enja in parkiranje vozil na tem obmo\u010dju. Temu primerno bo potrebno prilagoditi tudi prometno signalizacijo.<\/p>\n<p>Urad za gospodarstvo in GJS na Mestni ob\u010dini Kranj se s predlogom zapore poti pri objektu na naslovu Likozarjeva ulica 23 strinja, pri \u010demer bo potrebno ustrezno prilagodili tudi prometno signalizacijo na obeh sedanjih uvozih s parkiri\u0161\u010da ob Cesti Rudija \u0160eliga. Uradu za gospodarstvo in GJS bo izdal odlo\u010dbo o novi prometni ureditvi.<\/p>\n<p>Krajevna skupnost je po sprejemu sklepa na zborih eta\u017enih lastnikov zaprosila za \u010dimprej\u0161njo izdajo odlo\u010dbe o novi prometni ureditvi, zaprtje poti s primernim cvetli\u010dnim koritom, ki bo onemogo\u010dal enostavno premikanje oz. umikanje in hkrati omogo\u010dal prehod pe\u0161\u010dem in kolesarjem ter za prilagoditev prometne signalizacije na obeh sedanjih uvozih na kro\u017eno intervencijsko pot.<\/p>\n<p><span style=\"color: #339966;\"><strong><span style=\"color: #000000;\">REALIZACIJA:\u00a0<\/span><span style=\"color: #339966;\">Terenski ogled s strani Mestne ob\u010dine Kranj je bil \u017ee opravljen.<\/span><\/strong><\/span> <span style=\"color: #ffcc00;\"><strong>Zadeva je v re\u0161evanju. Odlo\u010dbo o novi prometni ureditvi smo prejeli 22. 5. 2017.<\/strong><\/span><\/p>\n<hr \/>\n<div class=\"page\" title=\"Page 17\">\n<div class=\"section\">\n<div class=\"layoutArea\">\n<div class=\"column\">\n<p><strong>Zaprtje Kro\u017ene poti na ulici Lojzeta Hrovata (December 2015)<\/strong><\/p>\n<p>Pobudniki: eta\u017eni lastniki blokov na ulici Lojzeta Hrovata 1a, 1b, 1c in 3a, 3b<\/p>\n<p>Eta\u017eni lastniki blokov na Ulici Lojzeta Hrovata so na zboru eta\u017enih lastnikov stanovanj na naslovih Ulica Lojzeta Hrovata 1a, 1b, 1c in 3a, 3b konec leta 2015 sprejeli sklep o zapori kro\u017ene poti, ki je potekala mimo po\u0161te, lekarne do Perutnine Ptuj in mimo vhodov blokov. Z zaporo kro\u017ene poti so \u017eeleli onemogo\u010diti kro\u017enjo vo\u017enjo in prepre\u010diti nevarno- sti za najranljivej\u0161e skupine v prometu.<\/p>\n<p>Na podlagi sprejetega sklepa so na Mestno ob\u010dino Kranj podali pobudo, da se kro\u017ena pot zapre s cvetli\u010dnimi koriti in s tem onemogo\u010di kro\u017ena vo\u017enja.<\/p>\n<p><strong>REALIZACIJA:<\/strong> <span style=\"color: #339966;\"><strong>Zapora kro\u017ene poti je bila v za\u010detku leta 2017 realizirana.<\/strong><\/span><\/p>\n<hr \/>\n<div class=\"page\" title=\"Page 18\">\n<div class=\"section\">\n<div class=\"layoutArea\">\n<div class=\"column\">\n<p><strong>Manjkajo\u010di prometni znaki (Januar 2017)<\/strong><\/p>\n<p>Pobudnik: Alojzij Boc<\/p>\n<p><em>V nekdanji cvetli\u010darni Vijolica na Juleta Gabrov\u0161ka 2 je sedaj nova sla\u0161\u010di\u010darna Mouse. Na za\u010detku\u00a0ulice \u017ee dlje pogre\u0161amo 2 prometna znaka, ki ju je odstranil nepridiprav, in sicer STOP znak ter SLEPA ULICA. Fiksirati bi bilo treba tudi znak PREPOVEDANO ZA VES PROMET na drugi strani objekta, ki lahko pade na kak\u0161nega otroka ali pe\u0161\u010da. Prosimo, da to posredujete ustrezni slu\u017ebi, ki\u00a0v KS skrbi za postavljanje prometnih znakov. Ulica J. Gabrov\u0161ka je vse bolj prometna, sla\u0161\u010di\u010darno bodo obiskovali tudi otroci in starej\u0161i krajani, zato skrb za ustrezno prometno varnost nikakor ni odve\u010d.<\/em><\/p>\n<p><strong>REALIZACIJA:<\/strong> <span style=\"color: #339966;\"><strong>V februarju 2017 je bila manjkajo\u010da prometna signalizacija urejena.<\/strong><\/span><\/p>\n<hr \/>\n<p><strong>Dostop za invalide in otroke (Februar 2017)<\/strong><\/p>\n<div class=\"page\" title=\"Page 18\">\n<div class=\"section\">\n<div class=\"layoutArea\">\n<div class=\"column\">\n<p>Pobudnik: Alojzij Boc<\/p>\n<p><em>V Tu\u0161u sem povpra\u0161al, zakaj invalidi z vozi\u010dki ter star\u0161i z otro\u0161kimi vozi\u010dki nimajo urejenega dostopa do Tu\u0161ovega centra oz. kina \u2013 odgovorili so mi, da zemlji\u0161\u010de ob plo\u010dnikih ni njihovo.<br \/>\n<\/em><em>Skratka, bilo bi super, \u010de bi na primernih mestih s plo\u010dnikov pred Tu\u0161em na Planini odstranili robnike. Sedaj se namre\u010d invalidi kot tudi star\u0161i z otro\u0161kimi vozi\u010dki i\u0161\u010dejo svoje mesto kar med avtomobili in vozijo na oz. s parkiri\u0161\u010da pred trgovskim centrom.<br \/>\n<\/em><em>Morda bi te\u017eavo lahko odpravili vsaj takrat, ko bo zgrajen Eurospin po- leg Tu\u0161a, kjer prav tako ne bi smeli pozabiti na neoviran dostop za invalidne osebe in otroke.<\/em><\/p>\n<p><strong>REALIZACIJA:<\/strong> Krajevna skupnost je prejeto pobudo posredovala pristojnim slu\u017ebam na Mestni ob\u010dini Kranj na Urad za gospodarstvo in GJS, kjer so odgovorili: \u201cPovr\u0161ine za pe\u0161ce in kolesarje na tem obmo\u010dju so na podlagi pobude Dru\u0161tva Son\u010dek in \u017eupana \u017ee v obravnavi. Ureditev klan\u010din je predvidena to pomlad.\u201d <span style=\"color: #339966;\"><strong>Zadeva je\u00a0realizirana.<\/strong><\/span><\/p>\n<hr \/>\n<p><strong>\u00a0Koli\u010dki za za\u0161\u010dito zelenic (April 2017)<\/strong><\/p>\n<div class=\"page\" title=\"Page 19\">\n<div class=\"section\">\n<div class=\"layoutArea\">\n<div class=\"column\">\n<p>Krajan nas je obvestil, da za bloki na naslovu Jaka Plati\u0161e 1-3-5 \u017ee leto ali dve le\u017eijo podrti koli\u010dki, ki naj bi prepre\u010devali vo\u017enjo z avtomobili po travi.\u00a0Zaprosil je, da se koli\u010dke postavi nazaj ali pa naj se jih odstrani.<\/p>\n<p>REALIZACIJA: Krajevna skupnost je pobudo posredovala pristojnim slu\u017ebam na Mestni ob\u010dini Kranj, da se zadeva preveri in primerno uredi. Na ob\u010dini so nam obljubili, da si bodo ogledali stanje in ukrepali v skladu z ugotovitvami. <span style=\"color: #ffcc00;\"><strong>Zadeva je v re\u0161evanju.<\/strong><\/span><\/p>\n<hr \/>\n<p><strong>Vpra\u0161anje: Kolesarska steza (maj 2017)<\/strong><\/p>\n<div class=\"page\" title=\"Page 19\">\n<div class=\"section\">\n<div class=\"layoutArea\">\n<div class=\"column\">\n<p>Krajan nam je posredoval vpra\u0161anje glede kolesarske steze ob Cesti Rudija \u0160elige je kolesarska steza. Ali je ta steza dvosmerna ali samo v smeri proti Tu\u0161u. Na tej stezi je videl policista, ki se je peljal s kolesom v smeri proti zahodu.<br \/>\nKer \u0161e ni dobil odgovora s strani ob\u010dine, ga je zanimalo \u010de kdo sploh pregleduje njihova vpra\u0161anja postavljena na Kr povej in zakaj tako dolgo ni odgovora.<\/p>\n<p><strong>REALIZACIJA:<\/strong> Krajevna skupnost je na ob\u010dini zaprosila za odgovor na vpra\u0161anje krajana, na katerega \u0161e ni dobil odgovora. Iz ob\u010dine so po na\u0161em pozivu poslali odgovor:<em>\u00a0\u201cNa severni strani ceste je urejena kole- sarska steza za vo\u017enjo proti zahodu, na ju\u017eni strani pa za vo\u017enjo kolesarjev proti vzhodu (Tu\u0161u). Ob povr\u0161ini za kolesarje na ju\u017eni strani ceste je \u0161e hodnik za pe\u0161ce, ki ga ti lahko uporabljajo v obeh smereh.\u201d\u00a0<\/em><\/p>\n<p>Na\u0161 krajan je dodatno pojasnil, da gre za odsek Ceste Rudija \u0160elige med Cesto Jaka Plati\u0161e in Likozarjevo ulico, kjer je samo ena kolesarska steza ob hodniku za pe\u0161ce in ne gre za odsek Ceste Rudija \u0160elige od kro\u017ei\u0161\u010da s Cesto Jaka Plati\u0161e proti Tu\u0161u, kjer pa prometna ureditev po njegovem mnenju ni sporna. Zaprosil je, da se odgovor objavi tudi na spletnem portalu Kr povej in prilo\u017eil fotograFI jo odseka.<br \/>\nOdgovor MOK: <em>\u00bbGlede na \u0161irino kolesarske steze in prometno signalizacijo je kolesarka steza enosmerna za vo\u017enjo v smeri od Likozarjeve ulice proti cesti Jaka Plati\u0161e.\u00ab<br \/>\n<\/em><span style=\"color: #339966;\"><strong>Odgovorjeno.<\/strong><\/span><\/p>\n<hr \/>\n<p><strong>Pobuda: Defibrilator (December 2016)<\/strong><\/p>\n<div class=\"page\" title=\"Page 19\">\n<div class=\"section\">\n<div class=\"layoutArea\">\n<div class=\"column\">\n<p>Krajan je izrazil zadovoljstvo, da smo tudi v na\u0161i KS dobili defibrilator. Hkrati pa je predlagal, da bi bilo dobro, da bi se o tem, kako priti do njega in ga uporabiti napisalo nekaj tudi v biltenu KS. Poleg tega je predlagal, da bi tako, kot v nekaterih drugih ob\u010dinah tudi\u00a0v na\u0161i KS, ki ima veliko ob\u010danov, naredilo usposabljanje za uporabo defibrilatorja in vzporedno tudi o\u017eivljanja, saj bi to krajanom lahko \u0161e kdaj pri\u0161lo prav.<\/p>\n<p><strong>REALIZACIJA:<\/strong>\u00a0<span style=\"color: #ffcc00;\"><strong>Realizacija na\u010drtovana 13. 6. 2017<\/strong> <\/span>&#8211; Krajanu smo na krajevni skupnosti pojasnili, da so bile v decembrski \u0161tevilki biltena \u017ee vsebovane informacije o namestitni defibrilatorja in tudi o lokaciji defibrilatorja.<br \/>\nNa njegovo pobudo pa smo se s podjetjem, ki je namestilo defibrilator dogovorili, da bo izvedlo usposabljanje oziroma te\u010daj uporabe defibrilatorja, ki bo potekalo v torek, 13. junija 2017 ob 17. uri v dvorani Osnovne \u0161ole Matije \u010copa. Te\u010daj bo vodil Matej Kristan iz re\u0161evalne postaje Radovljica.<\/p>\n<hr \/>\n<div class=\"page\" title=\"Page 10\">\n<div class=\"section\">\n<div class=\"layoutArea\">\n<div class=\"column\">\n<p><strong>Pobuda: Polomljene veje drevesa na Tuga vidmarja 9<\/strong><\/p>\n<p>Krajevna skupnost je bila s strani krajanke obve\u0161\u010dena o polomljenih vejah na drevesu, pred severnim vhodom, na ulici Tuga Vidmarja 9. Majska sne\u017ena ujma je polomila kar nekaj vej, ki napol visijo navzdol. Krajanka je prosila za pomo\u010d za posek teh vej, saj jo je skrbelo, da ne bi veje padle kak\u0161nemu otroku na glavo, ko se igrajo spodaj pod drevesom.<\/p>\n<p><strong>REALIZACIJA: <span style=\"color: #339966;\">Realizirano.<\/span><\/strong> Po prejetem sporo\u010dilu smo obvestili pristojne slu\u017ebe za obrezovanje dreves, ki so obrezale problemati\u010dno drevo in odstranile polomljene veje.<\/p>\n<\/div>\n<\/div>\n<\/div>\n<\/div>\n<hr \/>\n<div class=\"page\" title=\"Page 15\">\n<div class=\"section\">\n<div class=\"layoutArea\">\n<div class=\"column\">\n<div class=\"page\" title=\"Page 10\">\n<div class=\"section\">\n<div class=\"layoutArea\">\n<div class=\"column\">\n<p><strong>Pobuda: Pora\u0161\u010den asfalt na parkiri\u0161\u010du za invalide na ulici Juleta Gabrov\u0161ka<\/strong><\/p>\n<p>Krajevna skupnost je bila s strani krajanke obve\u0161\u010dena, o usedlem in pora\u0161\u010denem asfaltu pri parkiri\u0161\u010du za invalide na ulici Juleta Gabrov\u0161ka.<br \/>\n<strong>REALIZACIJA:<span style=\"color: #ffcc00;\">\u00a0V re\u0161evanju.<\/span><\/strong> Po prejeti pobudi smo na KS pri pristojnih ob\u010dinskih slu\u017ebah zaprosili, da\u00a0se na parkiri\u0161\u010dih na Planini 2 (cona A, B in C) pregledajo in po potrebi sanirajo parkiri\u0161\u010da za invalide. Prilo\u017eili smo prejeto fotografijo, ki ka\u017ee razpoko na parkiri\u0161\u010du iz katere raste trava tako, da predstavlja osebi na invalidskem vozi\u010dku nepotrebno oviro.<\/p>\n<hr \/>\n<\/div>\n<\/div>\n<\/div>\n<\/div>\n<p><strong>Pobuda: Margolana (julij 2015)<\/strong><\/p>\n<p>Krajan nas je opozoril na onesna\u017eenje s plodovi drevesa margolane na ulici Tuga Vidmarja, v delu leta, ko margolana obrodi plodove. Plodovi padajo na asfaltno povr\u0161ino, kjer se razletijo in razpo\u010dijo, njihov sok pa privablja ose. O te\u017eavi nas je zopet obvestil spomladi 2016.<\/p>\n<p><strong>REALIZACIJA: <span style=\"color: #ffcc00;\">V re\u0161evanju.<\/span> <\/strong>V KS smo pobudo za ureditev situacije posredovali na ob\u010dino, kjer so te\u017eavo posredovali na Komunalo, od koder so nam sporo\u010dili, da bodo to obmo\u010dje v \u010dasu zorenja margolane \u010distili vsak dan. Hkrati je bila s strani ob\u010dine zadeva poslana v prou\u010ditev in re\u0161evanje in\u0161pektoratu, ki naj bi uvedla ustrezne postopke, da se ta problem re\u0161i.\u00a0V KS bomo pristojne slu\u017ebe spomnjali na zavezo, da se problem odpravi.<\/p>\n<hr \/>\n<\/div>\n<\/div>\n<\/div>\n<\/div>\n<p><strong>Pobuda: Intervencijska pot<\/strong><\/p>\n<div class=\"page\" title=\"Page 16\">\n<div class=\"section\">\n<div class=\"layoutArea\">\n<div class=\"column\">\n<p><em>Pozdravljeni,<\/em><\/p>\n<p><em>prosil bi vas, da se nekako uredi dostop do Intervencijske poti, ki je za na\u0161o ulico Lojzeta Hrovata 10, 8 in 6. Kljub temu, da je intervencijska pot ozna\u010dena in vozila niso na njej parkirana je dost- op intervencijskim vozilom brez povz- ro\u010danja materialne \u0161kode ote\u017eko\u010den. Osebni avtomobili so parkirani po predpisu (v boksu) levo in desno od ozna\u010dene intervencijske poti. Takrat intervencijska vozila kot so gasilci, kumunalna vozila&#8230; ne morejo priti do mesta intervencije.<\/em><\/p>\n<p><em>Potrebno bi bilo druga\u010de urediti, ozna\u010diti dohod na intervencijsko pot, dohod bi moral biti \u0161ir\u0161i. Ve\u010dkrat se nam je \u017ee zgodilo, da ni mogel odpeljati zabojnika za kosovne odpadke.<\/em><\/p>\n<p><em>Tudi pri sedanjem odvozu kosovnih odpatkov sem moral postaviti na en boks oviro in nato poklicati komunalo, da je poslala tovornjak in odpeljala zabojnik. Kaj pa \u010de je po\u017ear, kjer je vsak trenutek \u017eivljenskega pomena? Kako bo pripeljalo gasilsko vozilo?<\/em><\/p>\n<p><em>V prilogi vam po\u0161iljam sliko, kjer je razvidno, kaj nas moti. \u0160e ve\u010dji problem je, da je tam parkiran kombi.<\/em><\/p>\n<p><strong>REALIZACIJA: <span style=\"color: #339966;\">Realizirano.<\/span><\/strong> Krajevna skupnost je to pobudo posredovala na ob\u010dino na Urad za gospodarstvo in GJS, kjer so skupaj z drugimi pristojnimi slu\u017ebami poiskali najbolj\u0161o re\u0161itev problema in uredili problemati\u010dno stanje.<\/p>\n<hr \/>\n<p><strong>Pobuda: Odvoz pasjih odpadkov<\/strong><\/p>\n<div class=\"page\" title=\"Page 17\">\n<div class=\"section\">\n<div class=\"layoutArea\">\n<div class=\"column\">\n<p>Pobudnik: Alojzij Boc<\/p>\n<p><em>\u017de dlje opa\u017eam, da so na Planini II, ks Bratov Smuk skoraj povsem polni ko\u0161i za pasje odpadke. Verjetno je do tega pri\u0161lo zaradi dopustov. Upam, da boste prob- lem \u010dimprej re\u0161ili, sicer bomo lastniki psov prisiljeni metati \u010drne vre\u010dke s pasjimi iztrebki v navadne ko\u0161e za odpadke, kar pa zaradi higiene zagotovo ne bi bilo primerno.<\/em><\/p>\n<p><strong>REALIZACIJA: <span style=\"color: #339966;\">Realizirano.<\/span><\/strong> V KS smo obvestili pristojne slu\u017ebe o izpostavljenem problemu in prosili za \u010dimprej\u0161njo izpraznitev ko\u0161ev. Pobudniku pa smo v svojem odgovoru pojasnili, da se v primeru polnih ko\u0161ev, pasje iztrebke lahko odlaga tudi med me\u0161ane odpadke, ki se naknadno lo\u010dujejo.<\/p>\n<hr \/>\n<div class=\"page\" title=\"Page 17\">\n<div class=\"section\">\n<div class=\"layoutArea\">\n<div class=\"column\">\n<p><strong>Pobuda: Spletna stran KS<\/strong><\/p>\n<p>Pobudnik: Marko<\/p>\n<p>Gledam podatke o KS bratov Smuk, kjer so lepo navedene ulice, ki pripadajo KS. Ni\u010d pa ne bi bilo narobe za la\u017ejo opti\u010dno predstavitev, \u010de bi objavili pod na\u0161tetimi ulicami \u0161e slikico z obrobljeno mejo KS. Na ob\u010dino sem poslal tudi predlog, da bi na njihovi spletni strani imeli objavljene vse KS v MO Kranj v slikovni izvedbi, za osnovo naj bo zemljevid. Ta naj bo ali od Googla ali pa od Telekoma, to je telefonskega imenika.<\/p>\n<p><strong>REALIZACIJA: <span style=\"color: #339966;\">Realizirano.<\/span><\/strong> Po prejeti pobudi smo na KS dopolnili opis Krajevne skupnosti z zemljevidom. Poleg tega je krajan Marko podal \u0161e nekaj pobud za dopolnitev vsebin na\u0161e spletne strani, ki smo jih upo\u0161tevali ter obogatili spletno stran z novimi informacijami, ki so na voljo na\u0161im krajanom.<\/p>\n<hr \/>\n<div class=\"page\" title=\"Page 11\">\n<div class=\"section\">\n<div class=\"layoutArea\">\n<div class=\"column\">\n<p><strong>Pobuda: Koli\u010dki<\/strong><\/p>\n<p>V zadnjih mesecih so krajani ve\u010dkrat poro\u010dali, da je bila ob prihodu re\u0161evalnega vozila ovirana intervencijska pot iz ulice Lojzeta Hrovata na ulico Tuga Vidmarja, saj ni bilo mogo\u010de odstraniti koli\u010dkov (vijakov na koli\u010dku ni bilo mogo\u010de odviti).<br \/>\nSvet KS je k re\u0161itvi situacije pozval MOK, da naj uredi potopni koli\u010dek. MOK je za\u010dasno odstranila koli\u010dek in kasneje nazaj zopet montirala isti koli\u010dek, zaradi \u010desar je zopet pri\u0161lo do oviranja poti intervencijskim vozilom.<\/p>\n<p><strong>REALIZACIJA: <span style=\"color: #339966;\">Realizirano.<\/span><\/strong>\u00a0Za\u010dasno je koli\u010dek odstranjen. Voznike in prebivalce opozarjamo, da je pot namenjena zgolj in samo intervencijskim vozilom. Gre za obmo\u010dje pe\u0161 cone in umirjenega prometa, kjer se nahaja mnogo otrok in starej\u0161ih. Prosimo vas, da to upo\u0161tevate in ne vozite in pu\u0161\u010date parkiranih vozil znotraj obmo\u010dja na ulici Tuga Vidmarja in sti\u010dnih ulicah. V primeru ve\u010dkratnega kr\u0161enja bomo pozvali Mestno redarstvo k sankcioniranju kr\u0161iteljev. \u010ce potrebujete dostop do vhodov zaradi gradbenih, obnovitvenih del na blokih se lahko za dostop dogovorite s krajevno skupnostjo.<\/p>\n<hr \/>\n<p><strong>Pobuda: Opozorilne table v gara\u017eah<\/strong><\/p>\n<div class=\"page\" title=\"Page 11\">\n<div class=\"section\">\n<div class=\"layoutArea\">\n<div class=\"column\">\n<p>V za\u010detku leto\u0161njega leta so upravitelji gara\u017e na ve\u010d mestih v zgornjih eta\u017eah gara\u017e A,<br \/>\nB, C izobesili opozorilne table o ureditvi parkiranja zunaj ozna\u010denih parkirnih mest. V preteklosti se je namre\u010d dogajalo, da je\u00a0bil zaradi pre\u010dno parkiranih vozil na desni strani oviran izvoz iz gara\u017ene hi\u0161e. Opozorilna tabla prepoveduje parkiranje na desni strani. V primeru, da ni prostih parkirnih boksov, vas vljudno prosimo, da parkirate na levi strani do uvoza v spodnjo eta\u017eo parkirne hi\u0161e. S tem se sicer \u0161e vedno ovira nemoten izvoz iz boksov, a omogo\u010da neoviran izvoz iz gara\u017ee.<\/p>\n<p><strong>REALIZACIJA: <span style=\"color: #339966;\">Realizirano.<\/span><\/strong><\/p>\n<hr \/>\n<p>&nbsp;<\/p>\n<\/div>\n<\/div>\n<\/div>\n<\/div>\n<\/div>\n<\/div>\n<\/div>\n<\/div>\n<\/div>\n<\/div>\n<\/div>\n<\/div>\n<\/div>\n<\/div>\n<\/div>\n<\/div>\n<\/div>\n<\/div>\n<\/div>\n<\/div>\n<\/div>\n<\/div>\n<\/div>\n<\/div>\n<\/div>\n<\/div>\n<\/div>\n<\/div>\n<\/div>\n<\/div>\n<\/div>\n<\/div>\n<\/div>\n<\/div>\n<\/div>\n<\/div>\n<\/div>\n<\/div>\n<\/div>\n<\/div>\n<\/div>\n<\/div>\n<\/div>\n<\/div>\n<\/div>\n<\/div>\n<\/div>\n<\/div>\n\n\n<\/div>\n","protected":false},"excerpt":{"rendered":"<div class=\"entry-summary\" itemprop=\"text\">\n<p>Na tem mestu lahko spremljate pobude in vpra\u0161anja in njihovo realizacijo. Zaprtje Kro\u017ene intervencijske poti na naslovu Likozarjeva 23 (Januar 2017) Pobudniki: eta\u017eni lastniki v blokih na naslovih Likozarjeva ulica 23, 25 in 27 Eta\u017eni lastniki na naslovih Likozarjeva ulica 23, 25 in 27 so na zborih eta\u017enih lastnikov, ki jih je sklical Domplan d. &#8230;<\/p>\n\n<\/div>\n","protected":false},"author":1,"featured_media":0,"parent":0,"menu_order":0,"comment_status":"closed","ping_status":"closed","template":"","meta":[],"_links":{"self":[{"href":"https:\/\/www.bratov-smuk.si\/index.php?rest_route=\/wp\/v2\/pages\/21"}],"collection":[{"href":"https:\/\/www.bratov-smuk.si\/index.php?rest_route=\/wp\/v2\/pages"}],"about":[{"href":"https:\/\/www.bratov-smuk.si\/index.php?rest_route=\/wp\/v2\/types\/page"}],"author":[{"embeddable":true,"href":"https:\/\/www.bratov-smuk.si\/index.php?rest_route=\/wp\/v2\/users\/1"}],"replies":[{"embeddable":true,"href":"https:\/\/www.bratov-smuk.si\/index.php?rest_route=%2Fwp%2Fv2%2Fcomments&post=21"}],"version-history":[{"count":10,"href":"https:\/\/www.bratov-smuk.si\/index.php?rest_route=\/wp\/v2\/pages\/21\/revisions"}],"predecessor-version":[{"id":469,"href":"https:\/\/www.bratov-smuk.si\/index.php?rest_route=\/wp\/v2\/pages\/21\/revisions\/469"}],"wp:attachment":[{"href":"https:\/\/www.bratov-smuk.si\/index.php?rest_route=%2Fwp%2Fv2%2Fmedia&parent=21"}],"curies":[{"name":"wp","href":"https:\/\/api.w.org\/{rel}","templated":true}]}}