{"id":131,"date":"2015-06-16T15:23:17","date_gmt":"2015-06-16T15:23:17","guid":{"rendered":"http:\/\/www.bratov-smuk.si\/?page_id=131"},"modified":"2021-04-27T22:38:34","modified_gmt":"2021-04-27T22:38:34","slug":"organizacije-nase-ks","status":"publish","type":"page","link":"https:\/\/www.bratov-smuk.si\/?page_id=131","title":{"rendered":"Organizacije na\u0161e KS"},"content":{"rendered":"<div class=\"entry-content\" itemprop=\"text\">\n<h3><strong>Dru\u0161tvo \u0160\u010ditnica &#8211; moj dragulj<\/strong><\/h3>\n<p>Dru\u0161tvo za pomo\u010d \u0161\u010ditni\u010dnim bolnikom Gorenjske \u0160\u010ditnica-moj dragulj Kranj je bilo ustanovljeno 2.aprila 2014 z namenom in \u017eeljo ponuditi bolnikom, svojcem in vsem, ki se sre\u010dujejo in \u0161e i\u0161\u010dejo dodatne informacije o boleznih \u0161\u010ditnice, center, kamor se vedno lahko obrnejo po pomo\u010d, nasvet ali samo dru\u017eenje z ljudi, ki se spopadajo z enakimi te\u017eavami. Delimo si izku\u0161nje, nasvete, skupaj se u\u010dimo prepoznavati in re\u0161evati tegobe in posledice, ki jih prina\u0161a \u017eivljenje z obolelo \u0161\u010ditnico, saj je nesporno, da ta kroni\u010dna bolezen, zaradi katere se sicer ne umre, bistveno vpliva na kakovost bolnikovega \u017eivljenja in vseh okoli njega.<\/p>\n<p>Le ob sodelovanju in zavedanju, da smo sami odgovorni za svoje zdravje in da je le-ta neizbe\u017een del na\u0161ega \u017eivljenja, bomo lahko sebi in vsem okoli nas, zagotovili kakovostno \u017eivljenje, \u010deprav nas pestijo te\u017eave zaradi obolele \u0161\u010ditnice.<\/p>\n<p>Za ve\u010d informacij o aktivnostih dru\u0161tva, \u010dlanstvu ali\u00a0 druge informacije, obi\u0161\u010dite spletno stran <a href=\"http:\/\/www.scitnica-mojdragulj.com\"><strong>www.scitnica-mojdragulj.com<\/strong><\/a><strong>,<\/strong>pokli\u010dite na tel. 031 689 127 \u2013 Tanja ali pi\u0161ete na <a href=\"mailto:drustvo.scitnicamojdragulj@gmail.com\">drustvo.scitnicamojdragulj@gmail.com<\/a> \u2013 lepo vabljeni, da se nam pridru\u017eite!<\/p>\n<p>&nbsp;<\/p>\n<h3>Balinarski klub Bratov Smuk<\/h3>\n<h3>Dru\u0161tvo paraplegikov Gorenjske<\/h3>\n<h3>Dru\u0161tvo Dekca<\/h3>\n<hr \/>\n<p>&nbsp;<\/p>\n\n\n<\/div>\n","protected":false},"excerpt":{"rendered":"<div class=\"entry-summary\" itemprop=\"text\">\n<p>Dru\u0161tvo \u0160\u010ditnica &#8211; moj dragulj Dru\u0161tvo za pomo\u010d \u0161\u010ditni\u010dnim bolnikom Gorenjske \u0160\u010ditnica-moj dragulj Kranj je bilo ustanovljeno 2.aprila 2014 z namenom in \u017eeljo ponuditi bolnikom, svojcem in vsem, ki se sre\u010dujejo in \u0161e i\u0161\u010dejo dodatne informacije o boleznih \u0161\u010ditnice, center, kamor se vedno lahko obrnejo po pomo\u010d, nasvet ali samo dru\u017eenje z ljudi, ki se &#8230;<\/p>\n\n<\/div>\n","protected":false},"author":1,"featured_media":0,"parent":2,"menu_order":3,"comment_status":"closed","ping_status":"closed","template":"","meta":[],"_links":{"self":[{"href":"https:\/\/www.bratov-smuk.si\/index.php?rest_route=\/wp\/v2\/pages\/131"}],"collection":[{"href":"https:\/\/www.bratov-smuk.si\/index.php?rest_route=\/wp\/v2\/pages"}],"about":[{"href":"https:\/\/www.bratov-smuk.si\/index.php?rest_route=\/wp\/v2\/types\/page"}],"author":[{"embeddable":true,"href":"https:\/\/www.bratov-smuk.si\/index.php?rest_route=\/wp\/v2\/users\/1"}],"replies":[{"embeddable":true,"href":"https:\/\/www.bratov-smuk.si\/index.php?rest_route=%2Fwp%2Fv2%2Fcomments&post=131"}],"version-history":[{"count":3,"href":"https:\/\/www.bratov-smuk.si\/index.php?rest_route=\/wp\/v2\/pages\/131\/revisions"}],"predecessor-version":[{"id":804,"href":"https:\/\/www.bratov-smuk.si\/index.php?rest_route=\/wp\/v2\/pages\/131\/revisions\/804"}],"up":[{"embeddable":true,"href":"https:\/\/www.bratov-smuk.si\/index.php?rest_route=\/wp\/v2\/pages\/2"}],"wp:attachment":[{"href":"https:\/\/www.bratov-smuk.si\/index.php?rest_route=%2Fwp%2Fv2%2Fmedia&parent=131"}],"curies":[{"name":"wp","href":"https:\/\/api.w.org\/{rel}","templated":true}]}}